{"id":321,"date":"2024-02-01T18:24:56","date_gmt":"2024-02-01T18:24:56","guid":{"rendered":"https:\/\/cnc-denmark.com\/dk\/handelsbetingelser\/"},"modified":"2025-02-01T12:23:50","modified_gmt":"2025-02-01T12:23:50","slug":"handelsbetingelser","status":"publish","type":"page","link":"https:\/\/cnc-denmark.com\/da\/handelsbetingelser\/","title":{"rendered":"Handelsbetingelser"},"content":{"rendered":"\t\t<div data-elementor-type=\"wp-page\" data-elementor-id=\"321\" class=\"elementor elementor-321\" data-elementor-post-type=\"page\">\n\t\t\t\t<div class=\"elementor-element elementor-element-596d1153 e-con-full e-flex e-con e-parent\" data-id=\"596d1153\" data-element_type=\"container\" data-e-type=\"container\">\n\t\t<div class=\"elementor-element elementor-element-2825ec3c e-con-full e-flex e-con e-child\" data-id=\"2825ec3c\" data-element_type=\"container\" data-e-type=\"container\" data-settings=\"{&quot;background_background&quot;:&quot;classic&quot;}\">\n\t\t\t\t<div class=\"elementor-element elementor-element-5477a274 elementor-widget elementor-widget-icon-box\" data-id=\"5477a274\" data-element_type=\"widget\" data-e-type=\"widget\" data-widget_type=\"icon-box.default\">\n\t\t\t\t<div class=\"elementor-widget-container\">\n\t\t\t\t\t\t\t<div class=\"elementor-icon-box-wrapper\">\n\n\t\t\t\n\t\t\t\t\t\t<div class=\"elementor-icon-box-content\">\n\n\t\t\t\t\t\t\t\t\t<h1 class=\"elementor-icon-box-title\">\n\t\t\t\t\t\t<span  >\n\t\t\t\t\t\t\tHandelsbetingelser\u200b\t\t\t\t\t\t<\/span>\n\t\t\t\t\t<\/h1>\n\t\t\t\t\n\t\t\t\t\n\t\t\t<\/div>\n\t\t\t\n\t\t<\/div>\n\t\t\t\t\t\t<\/div>\n\t\t\t\t<\/div>\n\t\t\t\t<\/div>\n\t\t<div class=\"elementor-element elementor-element-26ebcc11 e-con-full e-flex e-con e-child\" data-id=\"26ebcc11\" data-element_type=\"container\" data-e-type=\"container\" data-settings=\"{&quot;background_background&quot;:&quot;classic&quot;}\">\n\t\t<div class=\"elementor-element elementor-element-1f3420aa e-con-full e-flex e-con e-child\" data-id=\"1f3420aa\" data-element_type=\"container\" data-e-type=\"container\">\n\t\t<div class=\"elementor-element elementor-element-70b910d5 e-con-full e-flex e-con e-child\" data-id=\"70b910d5\" data-element_type=\"container\" data-e-type=\"container\" data-settings=\"{&quot;animation&quot;:&quot;none&quot;}\">\n\t\t<div class=\"elementor-element elementor-element-3e509c3 e-con-full e-flex e-con e-child\" data-id=\"3e509c3\" data-element_type=\"container\" data-e-type=\"container\" data-settings=\"{&quot;background_background&quot;:&quot;classic&quot;}\">\n\t\t\t\t<div class=\"elementor-element elementor-element-8fb4cd4 elementor-widget elementor-widget-image\" data-id=\"8fb4cd4\" data-element_type=\"widget\" data-e-type=\"widget\" data-widget_type=\"image.default\">\n\t\t\t\t<div class=\"elementor-widget-container\">\n\t\t\t\t\t\t\t\t\t\t\t\t\t\t\t<img fetchpriority=\"high\" decoding=\"async\" width=\"828\" height=\"94\" src=\"https:\/\/cnc-denmark.com\/wp-content\/uploads\/2024\/02\/cnc-web-logo-farver-hvidbg.svg\" class=\"attachment-large size-large wp-image-531\" alt=\"\" \/>\t\t\t\t\t\t\t\t\t\t\t\t\t\t\t<\/div>\n\t\t\t\t<\/div>\n\t\t\t\t<div class=\"elementor-element elementor-element-f25f2c5 elementor-tablet-align-start elementor-widget__width-inherit elementor-icon-list--layout-traditional elementor-list-item-link-full_width elementor-widget elementor-widget-icon-list\" data-id=\"f25f2c5\" data-element_type=\"widget\" data-e-type=\"widget\" data-widget_type=\"icon-list.default\">\n\t\t\t\t<div class=\"elementor-widget-container\">\n\t\t\t\t\t\t\t<ul class=\"elementor-icon-list-items\">\n\t\t\t\t\t\t\t<li class=\"elementor-icon-list-item\">\n\t\t\t\t\t\t\t\t\t\t\t<a href=\"tel:+4542346469\">\n\n\t\t\t\t\t\t\t\t\t\t\t\t<span class=\"elementor-icon-list-icon\">\n\t\t\t\t\t\t\t\t\t\t\t\t\t<\/span>\n\t\t\t\t\t\t\t\t\t\t<span class=\"elementor-icon-list-text\">+45 4234 6469<\/span>\n\t\t\t\t\t\t\t\t\t\t\t<\/a>\n\t\t\t\t\t\t\t\t\t<\/li>\n\t\t\t\t\t\t\t\t<li class=\"elementor-icon-list-item\">\n\t\t\t\t\t\t\t\t\t\t\t<a href=\"mailto:info@cnc-denmark.dk\">\n\n\t\t\t\t\t\t\t\t\t\t\t\t<span class=\"elementor-icon-list-icon\">\n\t\t\t\t\t\t\t\t\t\t\t\t\t<\/span>\n\t\t\t\t\t\t\t\t\t\t<span class=\"elementor-icon-list-text\">info@cnc-denmark.com<\/span>\n\t\t\t\t\t\t\t\t\t\t\t<\/a>\n\t\t\t\t\t\t\t\t\t<\/li>\n\t\t\t\t\t\t\t\t<li class=\"elementor-icon-list-item\">\n\t\t\t\t\t\t\t\t\t\t\t<span class=\"elementor-icon-list-icon\">\n\t\t\t\t\t\t\t\t\t\t\t\t\t<\/span>\n\t\t\t\t\t\t\t\t\t\t<span class=\"elementor-icon-list-text\">Kokbjerg 14 st. th. 6000 Kolding<\/span>\n\t\t\t\t\t\t\t\t\t<\/li>\n\t\t\t\t\t\t<\/ul>\n\t\t\t\t\t\t<\/div>\n\t\t\t\t<\/div>\n\t\t\t\t<\/div>\n\t\t\t\t<\/div>\n\t\t<div class=\"elementor-element elementor-element-7e46ea99 e-con-full e-flex e-con e-child\" data-id=\"7e46ea99\" data-element_type=\"container\" data-e-type=\"container\">\n\t\t\t\t<div class=\"elementor-element elementor-element-1f1b4d64 elementor-widget elementor-widget-heading\" data-id=\"1f1b4d64\" data-element_type=\"widget\" data-e-type=\"widget\" data-widget_type=\"heading.default\">\n\t\t\t\t<div class=\"elementor-widget-container\">\n\t\t\t\t\t<h2 class=\"elementor-heading-title elementor-size-default\">Dine rettigheder og forpligtelser som kunde<\/h2>\t\t\t\t<\/div>\n\t\t\t\t<\/div>\n\t\t\t\t<div class=\"elementor-element elementor-element-1868b805 elementor-widget-mobile__width-auto elementor-widget elementor-widget-text-editor\" data-id=\"1868b805\" data-element_type=\"widget\" data-e-type=\"widget\" id=\"betingelser-id\" data-widget_type=\"text-editor.default\">\n\t\t\t\t<div class=\"elementor-widget-container\">\n\t\t\t\t\t\t\t\t\t<h4><strong>Levering<\/strong><\/h4><p>Ab lager DK-6000 Kolding.<\/p><p>Der tages forbehold for restordrer og svigtende leverancer fra vores leverand\u00f8rer. Strejke, lockout, Force Majeure eller andre h\u00e6ndelser uden for vores kontrol.<\/p><p>CNC-Denmark ApS h\u00e6fter ikke for ombytning af evt. EUR-paller og pallerammer. Disse Faktureres efter den p\u00e5 leveringstidspunktet g\u00e6ldende kostpris.<\/p><p>Det er varemodtagelsens ansvar i samarbejde med vognmanden ved eventuel palle- og palleramme bytning.<\/p><h4>Priser<\/h4><p>Alle priser er ekskl. moms. Ordrer optages til de p\u00e5 leveringstidspunktet g\u00e6ldende priser. Den endelige ordrebekr\u00e6ftelse er den g\u00e6ldende pris.<\/p><h4><strong>Betaling<\/strong><\/h4><p>Generelle betalingsbetingelser: 14 dage netto. Vi forbeholder os ret til at fasts\u00e6tte betalingsbetingelserne ud fra en konkret kreditvurdering.<\/p><p>Leverede varer forbliver ejendom af CNC-Denmark ApS indtil fuld betaling er modtaget.<\/p><p>I tilf\u00e6lde af forsinket betaling forbeholder vi os ret til at opkr\u00e6ve morarenter i henhold til g\u00e6ldende lovgivning. Forfaldne fordringer kan forhindre planlagte forsendelser.<\/p><p><strong>Handelsdokumenter fra CNC-Denmark ApS<\/strong><\/p><p>Faktura, kreditnota, kontoudtog, eventuel betalingsp\u00e5mindelse og eventuel rentenota sendes som udgangspunkt elektronisk som PDF via mail.<\/p><p>\u00a0<\/p><h4><strong>Reklamation<\/strong><\/h4><p>Eventuelle fejl og mangler i en leverance bedes meddelt indenfor max. 5 arbejdsdage til CNC-Denmark ApS.<\/p><p>Transportskader meldes omg\u00e5ende ved modtagelse til transport\u00f8ren og til CNC-Denmark ApS.<\/p><p>\u00a0<\/p><h4><strong>Returnering af varer<\/strong><\/h4><p>Eventuel returnering af varer skal aftales med CNC-Denmark ApS, og v\u00e6re foretaget inden 5 dage fra leveringsdatoen. Uden forudg\u00e5ende aftale vil varer ikke kunne returneres.<\/p><p>Hjemk\u00f8bte varer tages ikke retur ligesom allerede igangsatte ordrer kun kan annulleres, hvis ordren kan n\u00e5 at blive annulleret p\u00e5 fabrikken<\/p><p>Ved returnering kan der modregnes gebyr og fragt.<\/p><p>Varen skal naturligvis returneres ubeskadiget.<\/p><h4><strong>Personoplysninger<\/strong><\/h4><p>Som kunde hos cnc-denmark.com registrerer vi kun de oplysninger, du indtaster med henblik p\u00e5 at fremsende bekr\u00e6ftelse p\u00e5 din ordre, og for at vi kan informere dig om betaling for din ordre. Registreringen sker ved, at de indtastede oplysninger automatisk placeres i vores systemer.<\/p><p>Vi har brug for f\u00f8lgende oplysninger, n\u00e5r du handler hos os:<\/p><p>Navn, efternavn, adresse, by, land, tlf.nr. og mailadresse, samt eventuel kommentar du m\u00e5tte have til ordren.<\/p><p>Vi registrerer og videregiver de personoplysninger, som er n\u00f8dvendige for at kunne levere varen til dig. Vi samarbejder herudover med en r\u00e6kke andre virksomheder, som opbevarer og behandler data. Virksomhederne behandler udelukkende oplysninger p\u00e5 vores vegne og m\u00e5 ikke bruge dem til egne form\u00e5l.<\/p><p>Alle oplysninger opbevares i minimum 5 \u00e5r jf. bogf\u00f8ringsloven, hvor du har mulighed for anmode om sletning eller indsigt af dine informationer som vi har lagret. Vi gemmer bl.a. oplysninger for at kunne behandle reklamationer, garanti og lign. i tilf\u00e6ldet af at dette skulle opst\u00e5.<\/p><p>Derudover gemmes dine oplysninger, hvis du har et login, s\u00e5ledes du kan logge ind p\u00e5 din konto, s\u00e5 dit k\u00f8b hurtigere kan gennemf\u00f8res.<\/p><p>Personoplysninger lagres i en kundedatabase. Disse personoplysninger er beskyttet med login, og kun ansatte med n\u00f8dvendige rettigheder har adgang til dem. Dine oplysninger vil blive delt med vores fragtleverand\u00f8r for, at kunne sende din pakke.<\/p><p>I tilf\u00e6ldet af at du har registreret dig hos vores nyhedsbrev, vil oplysningerne ogs\u00e5 deles med vores nyhedsbrev program for, at vi kan masse udsende nyhedsbreve l\u00f8bende.<\/p><p>I nogle tilf\u00e6lde har vi pligt til at slette dine persondata, hvis du beder om det. Det kan f.eks. v\u00e6re hvis dine data ikke l\u00e6ngere er n\u00f8dvendige i forhold til det form\u00e5l, som vi skulle bruge dem til. Du kan ogs\u00e5 kontakte os, hvis du mener, at dine persondata bliver behandlet i strid med lovgivningen. Alle anmodninger om \u00e6ndring,<\/p><p>sletning og indsigt skal im\u00f8dekommes og behandles inden for 30 dage uden un\u00f8dig forsinkelse. Har du en konto hos os, kan du ogs\u00e5 lave disse foresp\u00f8rgsler under dit login.<\/p><p>Alle indtastninger i enhver formular p\u00e5 vores shop sendes direkte til en e-mail til vores kundeservice. Disse henvendelser gemmes, og vil blive slettet s\u00e5fremt de ikke findes relevante l\u00e6ngere, eller ved en foresp\u00f8rgsel. Du kan ogs\u00e5 kontakte os, hvis du mener, at dine persondata bliver behandlet i strid med lovgivningen.<\/p><p>Vi samarbejder kun med databehandlere i EU eller i lande, der kan give dine oplysninger en tilstr\u00e6kkelig beskyttelse.<\/p><p>For mere information henvises der til vores privatlivspolitik.<\/p><h4><strong>Indsigelser<\/strong><\/h4><p>Som kunde Hos os har du altid ret til at g\u00f8re indsigelse mod registreringen, og du har ret til indsigt i, hvilke oplysninger der er registreret om dig. Disse rettigheder har du efter persondataloven.<\/p><p>Henvendelser ifb. med persondatapolitik skal rettes til vores hovedmail, info@cnc-denmark.com<\/p>\t\t\t\t\t\t\t\t<\/div>\n\t\t\t\t<\/div>\n\t\t\t\t<\/div>\n\t\t\t\t<\/div>\n\t\t\t\t<\/div>\n\t\t\t\t<\/div>\n\t\t\t\t<\/div>\n\t\t","protected":false},"excerpt":{"rendered":"<p>Handelsbetingelser\u200b +45 4234 6469 info@cnc-denmark.com Kokbjerg 14 st. th. 6000 Kolding Dine rettigheder og forpligtelser som kunde Levering Ab lager DK-6000 Kolding. Der tages forbehold for restordrer og svigtende leverancer fra vores leverand\u00f8rer. Strejke, lockout, Force Majeure eller andre h\u00e6ndelser uden for vores kontrol. CNC-Denmark ApS h\u00e6fter ikke for ombytning af evt. EUR-paller og pallerammer. [&hellip;]<\/p>\n","protected":false},"author":1,"featured_media":0,"parent":0,"menu_order":0,"comment_status":"closed","ping_status":"closed","template":"elementor_header_footer","meta":{"_acf_changed":false,"footnotes":"","_wp_rev_ctl_limit":""},"class_list":["post-321","page","type-page","status-publish","hentry"],"acf":[],"yoast_head":"<!-- This site is optimized with the Yoast SEO plugin v27.6 - https:\/\/yoast.com\/product\/yoast-seo-wordpress\/ -->\n<title>Handelsbetingelser - CNC Denmark<\/title>\n<meta name=\"robots\" content=\"index, follow, max-snippet:-1, max-image-preview:large, max-video-preview:-1\" \/>\n<link rel=\"canonical\" href=\"https:\/\/cnc-denmark.com\/da\/handelsbetingelser\/\" \/>\n<meta property=\"og:locale\" content=\"da_DK\" \/>\n<meta property=\"og:type\" content=\"article\" \/>\n<meta property=\"og:title\" content=\"Handelsbetingelser - CNC Denmark\" \/>\n<meta property=\"og:description\" content=\"Handelsbetingelser\u200b +45 4234 6469 info@cnc-denmark.com Kokbjerg 14 st. th. 6000 Kolding Dine rettigheder og forpligtelser som kunde Levering Ab lager DK-6000 Kolding. Der tages forbehold for restordrer og svigtende leverancer fra vores leverand\u00f8rer. Strejke, lockout, Force Majeure eller andre h\u00e6ndelser uden for vores kontrol. CNC-Denmark ApS h\u00e6fter ikke for ombytning af evt. EUR-paller og pallerammer. [&hellip;]\" \/>\n<meta property=\"og:url\" content=\"https:\/\/cnc-denmark.com\/da\/handelsbetingelser\/\" \/>\n<meta property=\"og:site_name\" content=\"CNC Denmark\" \/>\n<meta property=\"article:modified_time\" content=\"2025-02-01T12:23:50+00:00\" \/>\n<meta name=\"twitter:card\" content=\"summary_large_image\" \/>\n<meta name=\"twitter:label1\" content=\"Estimeret l\u00e6setid\" \/>\n\t<meta name=\"twitter:data1\" content=\"5 minutter\" \/>\n<script type=\"application\/ld+json\" class=\"yoast-schema-graph\">{\"@context\":\"https:\\\/\\\/schema.org\",\"@graph\":[{\"@type\":\"WebPage\",\"@id\":\"https:\\\/\\\/cnc-denmark.com\\\/da\\\/handelsbetingelser\\\/\",\"url\":\"https:\\\/\\\/cnc-denmark.com\\\/da\\\/handelsbetingelser\\\/\",\"name\":\"Handelsbetingelser - CNC Denmark\",\"isPartOf\":{\"@id\":\"https:\\\/\\\/cnc-denmark.com\\\/da\\\/#website\"},\"primaryImageOfPage\":{\"@id\":\"https:\\\/\\\/cnc-denmark.com\\\/da\\\/handelsbetingelser\\\/#primaryimage\"},\"image\":{\"@id\":\"https:\\\/\\\/cnc-denmark.com\\\/da\\\/handelsbetingelser\\\/#primaryimage\"},\"thumbnailUrl\":\"https:\\\/\\\/cnc-denmark.com\\\/wp-content\\\/uploads\\\/2024\\\/02\\\/cnc-web-logo-farver-hvidbg.svg\",\"datePublished\":\"2024-02-01T18:24:56+00:00\",\"dateModified\":\"2025-02-01T12:23:50+00:00\",\"breadcrumb\":{\"@id\":\"https:\\\/\\\/cnc-denmark.com\\\/da\\\/handelsbetingelser\\\/#breadcrumb\"},\"inLanguage\":\"da-DK\",\"potentialAction\":[{\"@type\":\"ReadAction\",\"target\":[\"https:\\\/\\\/cnc-denmark.com\\\/da\\\/handelsbetingelser\\\/\"]}]},{\"@type\":\"ImageObject\",\"inLanguage\":\"da-DK\",\"@id\":\"https:\\\/\\\/cnc-denmark.com\\\/da\\\/handelsbetingelser\\\/#primaryimage\",\"url\":\"https:\\\/\\\/cnc-denmark.com\\\/wp-content\\\/uploads\\\/2024\\\/02\\\/cnc-web-logo-farver-hvidbg.svg\",\"contentUrl\":\"https:\\\/\\\/cnc-denmark.com\\\/wp-content\\\/uploads\\\/2024\\\/02\\\/cnc-web-logo-farver-hvidbg.svg\"},{\"@type\":\"BreadcrumbList\",\"@id\":\"https:\\\/\\\/cnc-denmark.com\\\/da\\\/handelsbetingelser\\\/#breadcrumb\",\"itemListElement\":[{\"@type\":\"ListItem\",\"position\":1,\"name\":\"Home\",\"item\":\"https:\\\/\\\/cnc-denmark.com\\\/da\\\/\"},{\"@type\":\"ListItem\",\"position\":2,\"name\":\"Handelsbetingelser\"}]},{\"@type\":\"WebSite\",\"@id\":\"https:\\\/\\\/cnc-denmark.com\\\/da\\\/#website\",\"url\":\"https:\\\/\\\/cnc-denmark.com\\\/da\\\/\",\"name\":\"CNC Denmark\",\"description\":\"Specialister i CNC-bearbejdning, CNC Denmark tilbyder skr\u00e6ddersyede produktionsl\u00f8sninger med h\u00f8j pr\u00e6cision og fleksibilitet. Udforsk b\u00e6redygtige og innovative l\u00f8sninger, der optimerer din produktionsproces.\",\"publisher\":{\"@id\":\"https:\\\/\\\/cnc-denmark.com\\\/da\\\/#organization\"},\"potentialAction\":[{\"@type\":\"SearchAction\",\"target\":{\"@type\":\"EntryPoint\",\"urlTemplate\":\"https:\\\/\\\/cnc-denmark.com\\\/da\\\/?s={search_term_string}\"},\"query-input\":{\"@type\":\"PropertyValueSpecification\",\"valueRequired\":true,\"valueName\":\"search_term_string\"}}],\"inLanguage\":\"da-DK\"},{\"@type\":\"Organization\",\"@id\":\"https:\\\/\\\/cnc-denmark.com\\\/da\\\/#organization\",\"name\":\"CNC Denmark\",\"url\":\"https:\\\/\\\/cnc-denmark.com\\\/da\\\/\",\"logo\":{\"@type\":\"ImageObject\",\"inLanguage\":\"da-DK\",\"@id\":\"https:\\\/\\\/cnc-denmark.com\\\/da\\\/#\\\/schema\\\/logo\\\/image\\\/\",\"url\":\"https:\\\/\\\/cnc-denmark.com\\\/wp-content\\\/uploads\\\/2024\\\/02\\\/cnc-web-logo-farver-darkbg.svg\",\"contentUrl\":\"https:\\\/\\\/cnc-denmark.com\\\/wp-content\\\/uploads\\\/2024\\\/02\\\/cnc-web-logo-farver-darkbg.svg\",\"width\":828,\"height\":94,\"caption\":\"CNC Denmark\"},\"image\":{\"@id\":\"https:\\\/\\\/cnc-denmark.com\\\/da\\\/#\\\/schema\\\/logo\\\/image\\\/\"}}]}<\/script>\n<!-- \/ Yoast SEO plugin. -->","yoast_head_json":{"title":"Handelsbetingelser - CNC Denmark","robots":{"index":"index","follow":"follow","max-snippet":"max-snippet:-1","max-image-preview":"max-image-preview:large","max-video-preview":"max-video-preview:-1"},"canonical":"https:\/\/cnc-denmark.com\/da\/handelsbetingelser\/","og_locale":"da_DK","og_type":"article","og_title":"Handelsbetingelser - CNC Denmark","og_description":"Handelsbetingelser\u200b +45 4234 6469 info@cnc-denmark.com Kokbjerg 14 st. th. 6000 Kolding Dine rettigheder og forpligtelser som kunde Levering Ab lager DK-6000 Kolding. Der tages forbehold for restordrer og svigtende leverancer fra vores leverand\u00f8rer. Strejke, lockout, Force Majeure eller andre h\u00e6ndelser uden for vores kontrol. CNC-Denmark ApS h\u00e6fter ikke for ombytning af evt. EUR-paller og pallerammer. [&hellip;]","og_url":"https:\/\/cnc-denmark.com\/da\/handelsbetingelser\/","og_site_name":"CNC Denmark","article_modified_time":"2025-02-01T12:23:50+00:00","twitter_card":"summary_large_image","twitter_misc":{"Estimeret l\u00e6setid":"5 minutter"},"schema":{"@context":"https:\/\/schema.org","@graph":[{"@type":"WebPage","@id":"https:\/\/cnc-denmark.com\/da\/handelsbetingelser\/","url":"https:\/\/cnc-denmark.com\/da\/handelsbetingelser\/","name":"Handelsbetingelser - CNC Denmark","isPartOf":{"@id":"https:\/\/cnc-denmark.com\/da\/#website"},"primaryImageOfPage":{"@id":"https:\/\/cnc-denmark.com\/da\/handelsbetingelser\/#primaryimage"},"image":{"@id":"https:\/\/cnc-denmark.com\/da\/handelsbetingelser\/#primaryimage"},"thumbnailUrl":"https:\/\/cnc-denmark.com\/wp-content\/uploads\/2024\/02\/cnc-web-logo-farver-hvidbg.svg","datePublished":"2024-02-01T18:24:56+00:00","dateModified":"2025-02-01T12:23:50+00:00","breadcrumb":{"@id":"https:\/\/cnc-denmark.com\/da\/handelsbetingelser\/#breadcrumb"},"inLanguage":"da-DK","potentialAction":[{"@type":"ReadAction","target":["https:\/\/cnc-denmark.com\/da\/handelsbetingelser\/"]}]},{"@type":"ImageObject","inLanguage":"da-DK","@id":"https:\/\/cnc-denmark.com\/da\/handelsbetingelser\/#primaryimage","url":"https:\/\/cnc-denmark.com\/wp-content\/uploads\/2024\/02\/cnc-web-logo-farver-hvidbg.svg","contentUrl":"https:\/\/cnc-denmark.com\/wp-content\/uploads\/2024\/02\/cnc-web-logo-farver-hvidbg.svg"},{"@type":"BreadcrumbList","@id":"https:\/\/cnc-denmark.com\/da\/handelsbetingelser\/#breadcrumb","itemListElement":[{"@type":"ListItem","position":1,"name":"Home","item":"https:\/\/cnc-denmark.com\/da\/"},{"@type":"ListItem","position":2,"name":"Handelsbetingelser"}]},{"@type":"WebSite","@id":"https:\/\/cnc-denmark.com\/da\/#website","url":"https:\/\/cnc-denmark.com\/da\/","name":"CNC Denmark","description":"Specialister i CNC-bearbejdning, CNC Denmark tilbyder skr\u00e6ddersyede produktionsl\u00f8sninger med h\u00f8j pr\u00e6cision og fleksibilitet. Udforsk b\u00e6redygtige og innovative l\u00f8sninger, der optimerer din produktionsproces.","publisher":{"@id":"https:\/\/cnc-denmark.com\/da\/#organization"},"potentialAction":[{"@type":"SearchAction","target":{"@type":"EntryPoint","urlTemplate":"https:\/\/cnc-denmark.com\/da\/?s={search_term_string}"},"query-input":{"@type":"PropertyValueSpecification","valueRequired":true,"valueName":"search_term_string"}}],"inLanguage":"da-DK"},{"@type":"Organization","@id":"https:\/\/cnc-denmark.com\/da\/#organization","name":"CNC Denmark","url":"https:\/\/cnc-denmark.com\/da\/","logo":{"@type":"ImageObject","inLanguage":"da-DK","@id":"https:\/\/cnc-denmark.com\/da\/#\/schema\/logo\/image\/","url":"https:\/\/cnc-denmark.com\/wp-content\/uploads\/2024\/02\/cnc-web-logo-farver-darkbg.svg","contentUrl":"https:\/\/cnc-denmark.com\/wp-content\/uploads\/2024\/02\/cnc-web-logo-farver-darkbg.svg","width":828,"height":94,"caption":"CNC Denmark"},"image":{"@id":"https:\/\/cnc-denmark.com\/da\/#\/schema\/logo\/image\/"}}]}},"_links":{"self":[{"href":"https:\/\/cnc-denmark.com\/da\/wp-json\/wp\/v2\/pages\/321","targetHints":{"allow":["GET"]}}],"collection":[{"href":"https:\/\/cnc-denmark.com\/da\/wp-json\/wp\/v2\/pages"}],"about":[{"href":"https:\/\/cnc-denmark.com\/da\/wp-json\/wp\/v2\/types\/page"}],"author":[{"embeddable":true,"href":"https:\/\/cnc-denmark.com\/da\/wp-json\/wp\/v2\/users\/1"}],"replies":[{"embeddable":true,"href":"https:\/\/cnc-denmark.com\/da\/wp-json\/wp\/v2\/comments?post=321"}],"version-history":[{"count":5,"href":"https:\/\/cnc-denmark.com\/da\/wp-json\/wp\/v2\/pages\/321\/revisions"}],"predecessor-version":[{"id":6737,"href":"https:\/\/cnc-denmark.com\/da\/wp-json\/wp\/v2\/pages\/321\/revisions\/6737"}],"wp:attachment":[{"href":"https:\/\/cnc-denmark.com\/da\/wp-json\/wp\/v2\/media?parent=321"}],"curies":[{"name":"wp","href":"https:\/\/api.w.org\/{rel}","templated":true}]}}